{"id":19,"date":"2025-01-31T11:54:07","date_gmt":"2025-01-31T10:54:07","guid":{"rendered":"https:\/\/www.elfdalenscamping.nu\/?page_id=19"},"modified":"2025-02-07T14:32:43","modified_gmt":"2025-02-07T13:32:43","slug":"om-oss","status":"publish","type":"page","link":"https:\/\/www.elfdalenscamping.nu\/de\/om-oss\/","title":{"rendered":"\u00dcber uns"},"content":{"rendered":"<section class=\"mht-block mht-block-cta mht-block-cta-fb9ae08376385241c936d1214d08239a dynamic-height-cta bordered-cta\" style=\"padding-top:var(--mht-block-cta-section-padding-top);padding-bottom:var(--mht-block-cta-section-padding-bottom)\">\n\n    \n<style id='mht-block-cta-fb9ae08376385241c936d1214d08239a-vars'>section.mht-block-cta-fb9ae08376385241c936d1214d08239a{--mht-block-cta-section-padding-top:64px;--mht-block-cta-section-padding-bottom:64px;--mht-block-section-rich-bg-color:var(--mht-color-general-dark);--mht-block-cta-image-grid-column:7\/span 6;--mht-block-cta-image-border-radius:var(--mht-general-border-radius, 4px);--mht-block-cta-image-order:2;--mht-block-cta-texts-grid-column:1\/span 6;--mht-block-cta-texts-padding-top:70px;--mht-block-cta-texts-padding-bottom:70px;--mht-block-cta-title-font-size:56px;--mht-block-cta-title-line-height:64px;--mht-block-cta-title-letter-spacing:-2.24px;--mht-block-cta-title-color:rgb(255,255,255);--mht-block-cta-title-margin-bottom:16px;--mht-block-cta-desc-font-weight:600;--mht-block-cta-desc-color:rgb(255,255,255);--mht-block-cta-desc-padding-right:106px;--mht-block-cta-links-margin-top:32px}@media(max-width:991.98px){section.mht-block-cta-fb9ae08376385241c936d1214d08239a{--mht-block-cta-section-padding-top:20px;--mht-block-cta-section-padding-bottom:30px;--mht-block-cta-content-row-gap:24px;--mht-block-cta-image-grid-column:1 \/ -1;--mht-block-cta-image-order:initial;--mht-block-cta-texts-grid-column:1 \/ -1;--mht-block-cta-texts-padding-top:0;--mht-block-cta-texts-padding-bottom:0;--mht-block-cta-title-font-size:40px;--mht-block-cta-title-line-height:48px;--mht-block-cta-title-letter-spacing:-1.6px;--mht-block-cta-title-margin-bottom:8px;--mht-block-cta-desc-padding-right:0}}<\/style>\n\n    <div class=\"section-rich-bg rich-bg\" style=\"background-color:var(--mht-block-section-rich-bg-color)\">\n            <\/div>\n\n    <div class=\"container\">\n        <div class=\"section-content\">\n            <div class=\"section-content--inner mht-grid content-order-d-texts_image content-order-m-image_texts align-items-center\" style=\"row-gap:var(--mht-block-cta-content-row-gap)\">\n\n                                    <figure class=\"cta--image\" style=\"grid-column:var(--mht-block-cta-image-grid-column);border-radius:var(--mht-block-cta-image-border-radius);order:var(--mht-block-cta-image-order)\">\n                        <img loading=\"lazy\" decoding=\"async\" width=\"768\" height=\"602\" src=\"https:\/\/www.elfdalenscamping.nu\/wp-content\/uploads\/2025\/02\/rectangle-3-at-2x-2-67a4a57ecff18-768x602.webp\" class=\"\" alt=\"\" srcset=\"https:\/\/www.elfdalenscamping.nu\/wp-content\/uploads\/2025\/02\/rectangle-3-at-2x-2-67a4a57ecff18-768x602.webp 768w, https:\/\/www.elfdalenscamping.nu\/wp-content\/uploads\/2025\/02\/rectangle-3-at-2x-2-67a4a57ecff18-300x235.webp 300w, https:\/\/www.elfdalenscamping.nu\/wp-content\/uploads\/2025\/02\/rectangle-3-at-2x-2-67a4a57ecff18-1024x803.webp 1024w, https:\/\/www.elfdalenscamping.nu\/wp-content\/uploads\/2025\/02\/rectangle-3-at-2x-2-67a4a57ecff18-575x451.webp 575w, https:\/\/www.elfdalenscamping.nu\/wp-content\/uploads\/2025\/02\/rectangle-3-at-2x-2-67a4a57ecff18.webp 1224w\" sizes=\"auto, (max-width: 768px) 100vw, 768px\" \/>                    <\/figure><!-- .cta--image -->\n                \n                <div class=\"cta--texts\" style=\"grid-column:var(--mht-block-cta-texts-grid-column);padding-top:var(--mht-block-cta-texts-padding-top);padding-bottom:var(--mht-block-cta-texts-padding-bottom)\">\n                    \n                                            <h1 class=\"cta--title mht-heading\" style=\"font-size:var(--mht-block-cta-title-font-size);line-height:var(--mht-block-cta-title-line-height);letter-spacing:var(--mht-block-cta-title-letter-spacing);color:var(--mht-block-cta-title-color);margin-bottom:var(--mht-block-cta-title-margin-bottom)\">                            Camping in Sk\u00e5ne auf Elfdalens camping                        <\/h1>                    \n                                            <div class=\"cta--desc\" style=\"font-weight:var(--mht-block-cta-desc-font-weight);color:var(--mht-block-cta-desc-color);padding-right:var(--mht-block-cta-desc-padding-right)\">\n                            <p>Elfdalens Camping ist ein Familiencampingplatz in Sk\u00e5ne, ideal f\u00fcr alle, die Entspannung, Abenteuer und Gemeinschaft suchen. Hier treffen Natur, Bewegung und komfortable Unterk\u00fcnfte in einer fantastischen Umgebung aufeinander. Versammeln Sie Familie und Freunde - campen Sie diesen Sommer in Sk\u00e5ne!<\/p>\n                        <\/div>\n                    \n                                            <div class=\"cta--links\" style=\"margin-top:var(--mht-block-cta-links-margin-top)\">\n                            <div class=\"mht-links\">\n                                <a\n        class=\"btn btn-primary\"\n        href=\"https:\/\/www.elfdalenscamping.nu\/de\/kontakt\/\"\n                style=\"min-width:168px;height:48px\"    >\n\n    <span class=\"btn--text\">Kontaktieren Sie uns unter<\/span>\n\n    <\/a>\n            \n        <\/div>                        <\/div>\n                                    <\/div><!-- .cta--texts -->\n\n            <\/div><!-- .section-content-inner -->\n        <\/div><!-- .section-content -->\n    <\/div><!-- .container -->\n\n<\/section>\n\n\n<div class=\"gb-container gb-container-93ae1873 curve-decoration-top\"><\/div>\n\n<div class=\"gb-container gb-container-c213329e\">\n<div class=\"gb-container gb-container-fae16b42\">\n<div class=\"gb-container gb-container-7e9031d5\">\n\n<h4 class=\"gb-headline gb-headline-c325acf0 gb-headline-text\">Naturnahes Camping mit Angeboten f\u00fcr jeden Geschmack<\/h4>\n\n\n\n<p class=\"gb-headline gb-headline-2cadf97d gb-headline-text\">Willkommen auf einem Campingplatz in Sk\u00e5ne, wo Sie das Beste aus beiden Welten bekommen - die Ruhe der Natur und komfortable Einrichtungen. Hier wohnen Sie in der N\u00e4he des Nationalparks S\u00f6der\u00e5sen, ideal f\u00fcr Wanderungen und Ausfl\u00fcge. Der Campingplatz bietet Stellpl\u00e4tze mit oder ohne Stromanschluss, Zeltpl\u00e4tze und gem\u00fctliche H\u00fctten. Au\u00dferdem gibt es Grillpl\u00e4tze, Minigolf und Wandergebiete. Egal, ob Sie einen aktiven Urlaub verbringen oder einfach nur entspannen m\u00f6chten, Elfdalens Camping bietet alles, was Sie f\u00fcr einen unvergesslichen Aufenthalt brauchen.<\/p>\n\n<\/div>\n\n<div class=\"gb-container gb-container-4174acc1\">\n\n<h4 class=\"gb-headline gb-headline-7f10c390 gb-headline-text\">Ladan - Ein Fitnessstudio der besonderen Art<\/h4>\n\n\n\n<p class=\"gb-headline gb-headline-f13466ca gb-headline-text\">F\u00fcr diejenigen, die sich auch im Urlaub fit halten wollen, bieten wir Ladan, ein 700 m\u00b2 gro\u00dfes Fitnessstudio auf dem Campingplatz. Hier k\u00f6nnen Sie in einer industriellen Umgebung mit zwei Etagen trainieren, wo Functional Training, CrossFit und Krafttraining mit einem Outdoor-Fitnessstudio und einer Laufstrecke kombiniert werden. Das Fitnessstudio zeichnet sich durch ein starkes Gemeinschaftsgef\u00fchl aus, in dem man sich gegenseitig gr\u00fc\u00dft und zum Training inspiriert wird. Ob Anf\u00e4nger oder Fortgeschrittener, Sie finden hier einen motivierenden Ort, um sich weiterzuentwickeln.<\/p>\n\n<\/div>\n<\/div>\n\n<section class=\"mht-block mht-block-hero mht-block-hero-322c841a2b73f3e8f3966d81feccaae6 height-type-d-fixed height-type-m-fixed decoration-hero\">\n\n    \n<style id='mht-block-hero-322c841a2b73f3e8f3966d81feccaae6-vars'>section.mht-block-hero-322c841a2b73f3e8f3966d81feccaae6{--mht-block-hero-section-height:600px !important;--mht-block-hero-title-color:rgb(255,255,255);--mht-block-hero-title-margin-bottom:8px;--mht-block-hero-desc-color:rgb(255,255,255);--mht-block-hero-links-margin-top:32px;--mht-block-hero-slide-1-text-align:center;--mht-block-hero-slide-1-rich-bg-color:var(--mht-color-general-dark);--mht-block-hero-slide-1-rich-bg-image:url('https:\/\/www.elfdalenscamping.nu\/wp-content\/uploads\/2025\/02\/Rectangle-14@2x-2-1920x800.webp');--mht-block-hero-slide-1-rich-bg-overlay-bg-color:rgba(0,0,0,0.5);--mht-block-hero-slide-1-content-inner-max-width:824px}@media(max-width:991.98px){section.mht-block-hero-322c841a2b73f3e8f3966d81feccaae6{--mht-block-hero-section-height:600px !important;--mht-block-hero-slide-1-rich-bg-image:url('https:\/\/www.elfdalenscamping.nu\/wp-content\/uploads\/2025\/02\/rectangle-14-at-2x-3-67a4a58b12553-575x885.webp')}}<\/style>\n\n    <div class=\"section-rich-bg rich-bg\">\n            <\/div>\n\n    <div class=\"hero-slider\" data-slick=\"{&quot;pauseOnFocus&quot;:false,&quot;pauseOnHover&quot;:false,&quot;prevArrow&quot;:&quot;&lt;button aria-label=\\&quot;Previous\\&quot; class=\\&quot;slick-prev slick-arrow\\&quot;&gt;&lt;i class=\\&quot;fal fa-chevron-left\\&quot;&gt;&lt;\\\/i&gt;&lt;\\\/button&gt;&quot;,&quot;nextArrow&quot;:&quot;&lt;button aria-label=\\&quot;Next\\&quot; class=\\&quot;slick-next slick-arrow\\&quot;&gt;&lt;i class=\\&quot;fal fa-chevron-right\\&quot;&gt;&lt;\\\/i&gt;&lt;\\\/button&gt;&quot;}\">\n                    <div class=\"hero-slide hero-slide-1\" style=\"text-align:var(--mht-block-hero-slide-1-text-align)\">\n\n                <div class=\"hero-slide--rich-bg rich-bg\" style=\"background-color:var(--mht-block-hero-slide-1-rich-bg-color);background-image:var(--mht-block-hero-slide-1-rich-bg-image)\">\n                                        \n<style>section.mht-block-hero-322c841a2b73f3e8f3966d81feccaae6 .hero-slide-1 .rich-bg::after {\n            background-color: var(--mht-block-hero-slide-1-rich-bg-overlay-bg-color, transparent);\n            background-image: var(--mht-block-hero-slide-1-rich-bg-overlay-bg-image, none);\n            -webkit-backdrop-filter: blur(var(--mht-block-hero-slide-1-rich-bg-overlay-blur, 0));\n            backdrop-filter: blur(var(--mht-block-hero-slide-1-rich-bg-overlay-blur, 0));\n        }<\/style>\n                <\/div>\n\n                <div class=\"container\">\n                    <div class=\"hero-slide--content justify-content-center align-items-center m-align-items-center\">\n                        <div class=\"hero-slide--content--inner\" style=\"max-width:var(--mht-block-hero-slide-1-content-inner-max-width)\">\n\n                            \n                                                            <h2 class=\"hero--title mht-heading h1\" style=\"color:var(--mht-block-hero-title-color);margin-bottom:var(--mht-block-hero-title-margin-bottom)\">                                    H\u00fctte, Stellplatz oder Zeltplatz                                <\/h2>                            \n                                                            <div class=\"hero--desc\" style=\"color:var(--mht-block-hero-desc-color)\">\n                                    <p>Wie wollen Sie mit uns campen? <span style=\"font-weight: 400;\">Elfdalens Camping bietet verschiedene Arten von Unterk\u00fcnften an. Bei uns k\u00f6nnen Sie eine H\u00fctte mieten, einen Stellplatz buchen oder in landschaftlich reizvoller Umgebung campen. Unsere H\u00fctten bieten Ihnen den Komfort fester Betten, w\u00e4hrend die Campingpl\u00e4tze und Zeltpl\u00e4tze ein klassisches Campingerlebnis mit N\u00e4he zur Natur bieten. W\u00e4hlen Sie, was Ihnen am besten gef\u00e4llt, und genie\u00dfen Sie einen tollen Aufenthalt!<\/span><\/p>\n                                <\/div>\n                            \n                                                            <div class=\"hero--links\" style=\"margin-top:var(--mht-block-hero-links-margin-top)\">\n                                    <div class=\"mht-links\">\n                                <a\n        class=\"btn btn-primary\"\n        href=\"https:\/\/www.elfdalenscamping.nu\/de\/boende\/\"\n                style=\"min-width:172px;height:48px\"    >\n\n    <span class=\"btn--text\">UNSERE H\u00c4USER<\/span>\n\n    <\/a>\n            \n        <\/div>                                <\/div>\n                            \n                        <\/div><!-- .section-content-inner -->\n                    <\/div><!-- .section-content -->\n                <\/div><!-- .container -->\n\n            <\/div>\n            <\/div>\n\n    \n<\/section>\n\n<\/div>","protected":false},"excerpt":{"rendered":"<p>Camping in der Natur mit etwas f\u00fcr jeden Willkommen auf einem Campingplatz in Sk\u00e5ne, wo Sie das Beste aus beiden Welten bekommen - die Ruhe der Natur und komfortable Einrichtungen. Hier wohnen Sie in der N\u00e4he des Nationalparks S\u00f6der\u00e5sen, der ideal f\u00fcr Wanderungen und Ausfl\u00fcge ist. Der Campingplatz bietet Stellpl\u00e4tze mit oder ohne Stromanschluss, Zeltpl\u00e4tze und gem\u00fctliche H\u00fctten. Au\u00dferdem gibt es Grillpl\u00e4tze, Minigolf und Wandergebiete [...]<\/p>","protected":false},"author":1,"featured_media":0,"parent":0,"menu_order":0,"comment_status":"closed","ping_status":"closed","template":"","meta":{"_acf_changed":true,"footnotes":""},"class_list":["post-19","page","type-page","status-publish","hentry"],"acf":[],"yoast_head":"<!-- This site is optimized with the Yoast SEO plugin v24.4 - https:\/\/yoast.com\/wordpress\/plugins\/seo\/ -->\n<title>Camping i Sk\u00e5ne | Elfdalens camping<\/title>\n<meta name=\"description\" content=\"L\u00e4s mer om Elfdalens Camping \u2013 en familj\u00e4r camping i Sk\u00e5ne med naturn\u00e4ra boende, aktiviteter och gym. Gemenskap, avkoppling och \u00e4ventyr!\" \/>\n<meta name=\"robots\" content=\"index, follow, max-snippet:-1, max-image-preview:large, max-video-preview:-1\" \/>\n<link rel=\"canonical\" href=\"https:\/\/www.elfdalenscamping.nu\/de\/om-oss\/\" \/>\n<meta property=\"og:locale\" content=\"de_DE\" \/>\n<meta property=\"og:type\" content=\"article\" \/>\n<meta property=\"og:title\" content=\"Camping i Sk\u00e5ne | Elfdalens camping\" \/>\n<meta property=\"og:description\" content=\"L\u00e4s mer om Elfdalens Camping \u2013 en familj\u00e4r camping i Sk\u00e5ne med naturn\u00e4ra boende, aktiviteter och gym. Gemenskap, avkoppling och \u00e4ventyr!\" \/>\n<meta property=\"og:url\" content=\"https:\/\/www.elfdalenscamping.nu\/de\/om-oss\/\" \/>\n<meta property=\"og:site_name\" content=\"Elfdalens Camping\" \/>\n<meta property=\"article:publisher\" content=\"https:\/\/www.facebook.com\/campingelfdalen\/\" \/>\n<meta property=\"article:modified_time\" content=\"2025-02-07T13:32:43+00:00\" \/>\n<meta property=\"og:image\" content=\"https:\/\/www.elfdalenscamping.nu\/wp-content\/uploads\/2025\/02\/elfdalens_camping_og.webp\" \/>\n\t<meta property=\"og:image:width\" content=\"1200\" \/>\n\t<meta property=\"og:image:height\" content=\"675\" \/>\n\t<meta property=\"og:image:type\" content=\"image\/webp\" \/>\n<meta name=\"twitter:card\" content=\"summary_large_image\" \/>\n<meta name=\"twitter:label1\" content=\"Est. reading time\" \/>\n\t<meta name=\"twitter:data1\" content=\"1\u00a0Minute\" \/>\n<script type=\"application\/ld+json\" class=\"yoast-schema-graph\">{\"@context\":\"https:\/\/schema.org\",\"@graph\":[{\"@type\":\"WebPage\",\"@id\":\"https:\/\/www.elfdalenscamping.nu\/om-oss\/\",\"url\":\"https:\/\/www.elfdalenscamping.nu\/om-oss\/\",\"name\":\"Camping i Sk\u00e5ne | Elfdalens camping\",\"isPartOf\":{\"@id\":\"https:\/\/www.elfdalenscamping.nu\/#website\"},\"datePublished\":\"2025-01-31T10:54:07+00:00\",\"dateModified\":\"2025-02-07T13:32:43+00:00\",\"description\":\"L\u00e4s mer om Elfdalens Camping \u2013 en familj\u00e4r camping i Sk\u00e5ne med naturn\u00e4ra boende, aktiviteter och gym. Gemenskap, avkoppling och \u00e4ventyr!\",\"breadcrumb\":{\"@id\":\"https:\/\/www.elfdalenscamping.nu\/om-oss\/#breadcrumb\"},\"inLanguage\":\"de\",\"potentialAction\":[{\"@type\":\"ReadAction\",\"target\":[\"https:\/\/www.elfdalenscamping.nu\/om-oss\/\"]}]},{\"@type\":\"BreadcrumbList\",\"@id\":\"https:\/\/www.elfdalenscamping.nu\/om-oss\/#breadcrumb\",\"itemListElement\":[{\"@type\":\"ListItem\",\"position\":1,\"name\":\"Home\",\"item\":\"https:\/\/www.elfdalenscamping.nu\/\"},{\"@type\":\"ListItem\",\"position\":2,\"name\":\"Om oss\"}]},{\"@type\":\"WebSite\",\"@id\":\"https:\/\/www.elfdalenscamping.nu\/#website\",\"url\":\"https:\/\/www.elfdalenscamping.nu\/\",\"name\":\"Elfdalens Camping\",\"description\":\"\",\"publisher\":{\"@id\":\"https:\/\/www.elfdalenscamping.nu\/#organization\"},\"potentialAction\":[{\"@type\":\"SearchAction\",\"target\":{\"@type\":\"EntryPoint\",\"urlTemplate\":\"https:\/\/www.elfdalenscamping.nu\/?s={search_term_string}\"},\"query-input\":{\"@type\":\"PropertyValueSpecification\",\"valueRequired\":true,\"valueName\":\"search_term_string\"}}],\"inLanguage\":\"de\"},{\"@type\":[\"Organization\",\"Place\"],\"@id\":\"https:\/\/www.elfdalenscamping.nu\/#organization\",\"name\":\"Elfdalens Sport & Camping AB\",\"url\":\"https:\/\/www.elfdalenscamping.nu\/\",\"logo\":{\"@id\":\"https:\/\/www.elfdalenscamping.nu\/om-oss\/#local-main-organization-logo\"},\"image\":{\"@id\":\"https:\/\/www.elfdalenscamping.nu\/om-oss\/#local-main-organization-logo\"},\"sameAs\":[\"https:\/\/www.facebook.com\/campingelfdalen\/\"],\"address\":{\"@id\":\"https:\/\/www.elfdalenscamping.nu\/om-oss\/#local-main-place-address\"},\"geo\":{\"@type\":\"GeoCoordinates\",\"latitude\":\"56.13515088078541\",\"longitude\":\"13.162015397802529\"},\"telephone\":[\"043514678\"],\"openingHoursSpecification\":[{\"@type\":\"OpeningHoursSpecification\",\"dayOfWeek\":[\"Monday\"],\"opens\":\"11:00\",\"closes\":\"20:30\"},{\"@type\":\"OpeningHoursSpecification\",\"dayOfWeek\":[\"Tuesday\",\"Thursday\"],\"opens\":\"09:00\",\"closes\":\"19:00\"},{\"@type\":\"OpeningHoursSpecification\",\"dayOfWeek\":[\"Wednesday\"],\"opens\":\"11:00\",\"closes\":\"20:00\"},{\"@type\":\"OpeningHoursSpecification\",\"dayOfWeek\":[\"Friday\"],\"opens\":\"11:00\",\"closes\":\"21:00\"},{\"@type\":\"OpeningHoursSpecification\",\"dayOfWeek\":[\"Saturday\"],\"opens\":\"10:00\",\"closes\":\"21:00\"},{\"@type\":\"OpeningHoursSpecification\",\"dayOfWeek\":[\"Sunday\"],\"opens\":\"11:00\",\"closes\":\"19:00\"}],\"email\":\"elfdalens.camping@telia.com\"},{\"@type\":\"PostalAddress\",\"@id\":\"https:\/\/www.elfdalenscamping.nu\/om-oss\/#local-main-place-address\",\"streetAddress\":\"Vedbyv\u00e4gen 69\",\"addressLocality\":\"Klippan\",\"postalCode\":\"26437\",\"addressCountry\":\"SE\"},{\"@type\":\"ImageObject\",\"inLanguage\":\"de\",\"@id\":\"https:\/\/www.elfdalenscamping.nu\/om-oss\/#local-main-organization-logo\",\"url\":\"https:\/\/www.elfdalenscamping.nu\/wp-content\/uploads\/2025\/02\/elfdalens_camping_org_logo.webp\",\"contentUrl\":\"https:\/\/www.elfdalenscamping.nu\/wp-content\/uploads\/2025\/02\/elfdalens_camping_org_logo.webp\",\"width\":696,\"height\":696,\"caption\":\"Elfdalens Sport & Camping AB\"}]}<\/script>\n<meta name=\"geo.placename\" content=\"Klippan\" \/>\n<meta name=\"geo.position\" content=\"56.13515088078541;13.162015397802529\" \/>\n<meta name=\"geo.region\" content=\"Schweden\" \/>\n<!-- \/ Yoast SEO plugin. -->","yoast_head_json":{"title":"Camping i Sk\u00e5ne | Elfdalens camping","description":"L\u00e4s mer om Elfdalens Camping \u2013 en familj\u00e4r camping i Sk\u00e5ne med naturn\u00e4ra boende, aktiviteter och gym. Gemenskap, avkoppling och \u00e4ventyr!","robots":{"index":"index","follow":"follow","max-snippet":"max-snippet:-1","max-image-preview":"max-image-preview:large","max-video-preview":"max-video-preview:-1"},"canonical":"https:\/\/www.elfdalenscamping.nu\/de\/om-oss\/","og_locale":"de_DE","og_type":"article","og_title":"Camping i Sk\u00e5ne | Elfdalens camping","og_description":"L\u00e4s mer om Elfdalens Camping \u2013 en familj\u00e4r camping i Sk\u00e5ne med naturn\u00e4ra boende, aktiviteter och gym. Gemenskap, avkoppling och \u00e4ventyr!","og_url":"https:\/\/www.elfdalenscamping.nu\/de\/om-oss\/","og_site_name":"Elfdalens Camping","article_publisher":"https:\/\/www.facebook.com\/campingelfdalen\/","article_modified_time":"2025-02-07T13:32:43+00:00","og_image":[{"width":1200,"height":675,"url":"https:\/\/www.elfdalenscamping.nu\/wp-content\/uploads\/2025\/02\/elfdalens_camping_og.webp","type":"image\/webp"}],"twitter_card":"summary_large_image","twitter_misc":{"Est. reading time":"1\u00a0Minute"},"schema":{"@context":"https:\/\/schema.org","@graph":[{"@type":"WebPage","@id":"https:\/\/www.elfdalenscamping.nu\/om-oss\/","url":"https:\/\/www.elfdalenscamping.nu\/om-oss\/","name":"Camping i Sk\u00e5ne | Elfdalens camping","isPartOf":{"@id":"https:\/\/www.elfdalenscamping.nu\/#website"},"datePublished":"2025-01-31T10:54:07+00:00","dateModified":"2025-02-07T13:32:43+00:00","description":"L\u00e4s mer om Elfdalens Camping \u2013 en familj\u00e4r camping i Sk\u00e5ne med naturn\u00e4ra boende, aktiviteter och gym. Gemenskap, avkoppling och \u00e4ventyr!","breadcrumb":{"@id":"https:\/\/www.elfdalenscamping.nu\/om-oss\/#breadcrumb"},"inLanguage":"de","potentialAction":[{"@type":"ReadAction","target":["https:\/\/www.elfdalenscamping.nu\/om-oss\/"]}]},{"@type":"BreadcrumbList","@id":"https:\/\/www.elfdalenscamping.nu\/om-oss\/#breadcrumb","itemListElement":[{"@type":"ListItem","position":1,"name":"Home","item":"https:\/\/www.elfdalenscamping.nu\/"},{"@type":"ListItem","position":2,"name":"Om oss"}]},{"@type":"WebSite","@id":"https:\/\/www.elfdalenscamping.nu\/#website","url":"https:\/\/www.elfdalenscamping.nu\/","name":"Elfdalens Camping","description":"","publisher":{"@id":"https:\/\/www.elfdalenscamping.nu\/#organization"},"potentialAction":[{"@type":"SearchAction","target":{"@type":"EntryPoint","urlTemplate":"https:\/\/www.elfdalenscamping.nu\/?s={search_term_string}"},"query-input":{"@type":"PropertyValueSpecification","valueRequired":true,"valueName":"search_term_string"}}],"inLanguage":"de"},{"@type":["Organization","Place"],"@id":"https:\/\/www.elfdalenscamping.nu\/#organization","name":"Elfdalens Sport & Camping AB","url":"https:\/\/www.elfdalenscamping.nu\/","logo":{"@id":"https:\/\/www.elfdalenscamping.nu\/om-oss\/#local-main-organization-logo"},"image":{"@id":"https:\/\/www.elfdalenscamping.nu\/om-oss\/#local-main-organization-logo"},"sameAs":["https:\/\/www.facebook.com\/campingelfdalen\/"],"address":{"@id":"https:\/\/www.elfdalenscamping.nu\/om-oss\/#local-main-place-address"},"geo":{"@type":"GeoCoordinates","latitude":"56.13515088078541","longitude":"13.162015397802529"},"telephone":["043514678"],"openingHoursSpecification":[{"@type":"OpeningHoursSpecification","dayOfWeek":["Monday"],"opens":"11:00","closes":"20:30"},{"@type":"OpeningHoursSpecification","dayOfWeek":["Tuesday","Thursday"],"opens":"09:00","closes":"19:00"},{"@type":"OpeningHoursSpecification","dayOfWeek":["Wednesday"],"opens":"11:00","closes":"20:00"},{"@type":"OpeningHoursSpecification","dayOfWeek":["Friday"],"opens":"11:00","closes":"21:00"},{"@type":"OpeningHoursSpecification","dayOfWeek":["Saturday"],"opens":"10:00","closes":"21:00"},{"@type":"OpeningHoursSpecification","dayOfWeek":["Sunday"],"opens":"11:00","closes":"19:00"}],"email":"elfdalens.camping@telia.com"},{"@type":"PostalAddress","@id":"https:\/\/www.elfdalenscamping.nu\/om-oss\/#local-main-place-address","streetAddress":"Vedbyv\u00e4gen 69","addressLocality":"Klippan","postalCode":"26437","addressCountry":"SE"},{"@type":"ImageObject","inLanguage":"de","@id":"https:\/\/www.elfdalenscamping.nu\/om-oss\/#local-main-organization-logo","url":"https:\/\/www.elfdalenscamping.nu\/wp-content\/uploads\/2025\/02\/elfdalens_camping_org_logo.webp","contentUrl":"https:\/\/www.elfdalenscamping.nu\/wp-content\/uploads\/2025\/02\/elfdalens_camping_org_logo.webp","width":696,"height":696,"caption":"Elfdalens Sport & Camping AB"}]},"geo.placename":"Klippan","geo.position":{"lat":"56.13515088078541","long":"13.162015397802529"},"geo.region":"Schweden"},"_links":{"self":[{"href":"https:\/\/www.elfdalenscamping.nu\/de\/wp-json\/wp\/v2\/pages\/19","targetHints":{"allow":["GET"]}}],"collection":[{"href":"https:\/\/www.elfdalenscamping.nu\/de\/wp-json\/wp\/v2\/pages"}],"about":[{"href":"https:\/\/www.elfdalenscamping.nu\/de\/wp-json\/wp\/v2\/types\/page"}],"author":[{"embeddable":true,"href":"https:\/\/www.elfdalenscamping.nu\/de\/wp-json\/wp\/v2\/users\/1"}],"replies":[{"embeddable":true,"href":"https:\/\/www.elfdalenscamping.nu\/de\/wp-json\/wp\/v2\/comments?post=19"}],"version-history":[{"count":0,"href":"https:\/\/www.elfdalenscamping.nu\/de\/wp-json\/wp\/v2\/pages\/19\/revisions"}],"wp:attachment":[{"href":"https:\/\/www.elfdalenscamping.nu\/de\/wp-json\/wp\/v2\/media?parent=19"}],"curies":[{"name":"wp","href":"https:\/\/api.w.org\/{rel}","templated":true}]}}