{"id":17,"date":"2025-01-31T11:53:18","date_gmt":"2025-01-31T10:53:18","guid":{"rendered":"https:\/\/www.elfdalenscamping.nu\/?page_id=17"},"modified":"2025-06-02T09:38:04","modified_gmt":"2025-06-02T07:38:04","slug":"priser","status":"publish","type":"page","link":"https:\/\/www.elfdalenscamping.nu\/nb\/priser\/","title":{"rendered":"Priser"},"content":{"rendered":"<div class=\"gb-container gb-container-93ae1873 curve-decoration-top\"><\/div>\n\n<div class=\"gb-container gb-container-c213329e\">\n<div class=\"gb-container gb-container-fae16b42\">\n<div class=\"gb-container gb-container-7e9031d5\">\n\n<h1 class=\"gb-headline gb-headline-c325acf0 gb-headline-text\">Priser for camping<\/h1>\n\n\n\n<p class=\"gb-headline gb-headline-2cadf97d gb-headline-text\">Her finner du aktuelle priser for v\u00e5re hytter, campingplasser og teltplasser. Vi tilbyr enkel online booking via Campcation, men du kan ogs\u00e5 bestille p\u00e5 stedet mot et lite servicegebyr. Velg den overnattingen som passer deg!<\/p>\n\n\n\n<a class=\"gb-button gb-button-3f4d9a55 gb-button-text\" href=\"https:\/\/www.campcation.com\/campsite\/elfdalens-camping\/\" target=\"_blank\" rel=\"noopener noreferrer\">BOOK ONLINE<\/a>\n\n<\/div>\n\n<div class=\"gb-container gb-container-32550439 table-container\">\n<div class=\"gb-container gb-container-cc521490 boka-circle\">\n\n<h2 class=\"gb-headline gb-headline-ead0c07d gb-headline-text h6\">Bestill online og spar \u00a320<\/h2>\n\n<\/div>\n\n<div class=\"gb-container gb-container-35c122ec\">\n\n<figure class=\"wp-block-table table-styling is-style-regular display-d\"><table class=\"has-fixed-layout\"><thead><tr><th class=\"has-text-align-left\" data-align=\"left\">TYPE BOLIG<\/th><th class=\"has-text-align-left\" data-align=\"left\">PRIS ONLINE \/ DAG<\/th><th class=\"has-text-align-left\" data-align=\"left\">PRIS MANUELL \/ DAG<\/th><th class=\"has-text-align-left\" data-align=\"left\">ANNEN INFO<\/th><\/tr><\/thead><tbody><tr><td class=\"has-text-align-left\" data-align=\"left\">Teltplass<\/td><td class=\"has-text-align-left\" data-align=\"left\">320:-<\/td><td class=\"has-text-align-left\" data-align=\"left\">340:-<\/td><td class=\"has-text-align-left\" data-align=\"left\"><\/td><\/tr><tr><td class=\"has-text-align-left\" data-align=\"left\">Campingplass (bobil\/campingvogn)<\/td><td class=\"has-text-align-left\" data-align=\"left\">350:-<\/td><td class=\"has-text-align-left\" data-align=\"left\">370:-<\/td><td class=\"has-text-align-left\" data-align=\"left\">Elektrisitet: 45:-\/dag. Plassbestilling gj\u00f8res online via Campcation.<\/td><\/tr><tr><td class=\"has-text-align-left\" data-align=\"left\">Hytte (4 senger)<\/td><td class=\"has-text-align-left\" data-align=\"left\">Fr. 620:-<\/td><td class=\"has-text-align-left\" data-align=\"left\">Fr. 640:-<\/td><td class=\"has-text-align-left\" data-align=\"left\"><\/td><\/tr><\/tbody><\/table><\/figure>\n\n\n\n<figure class=\"wp-block-table table-styling is-style-regular display-m\"><table class=\"has-fixed-layout\"><thead><tr><th class=\"has-text-align-left\" data-align=\"left\">TYPE BOLIG<\/th><th class=\"has-text-align-left\" data-align=\"left\">Teltplass<\/th><\/tr><\/thead><tbody><tr><td class=\"has-text-align-left\" data-align=\"left\">PRIS ONLINE \/ DAG<\/td><td class=\"has-text-align-left\" data-align=\"left\">320:-<\/td><\/tr><tr><td class=\"has-text-align-left\" data-align=\"left\">PRIS MANUELL \/ DAG<\/td><td class=\"has-text-align-left\" data-align=\"left\">340:-<\/td><\/tr><\/tbody><\/table><\/figure>\n\n\n\n<figure class=\"wp-block-table table-styling is-style-regular display-m\"><table class=\"has-fixed-layout\"><thead><tr><th class=\"has-text-align-left\" data-align=\"left\">TYPE BOLIG<\/th><th class=\"has-text-align-left\" data-align=\"left\">Campingplass (bobil\/campingvogn)<\/th><\/tr><\/thead><tbody><tr><td class=\"has-text-align-left\" data-align=\"left\">PRIS ONLINE \/ DAG<\/td><td class=\"has-text-align-left\" data-align=\"left\">350:-<\/td><\/tr><tr><td class=\"has-text-align-left\" data-align=\"left\">PRIS MANUELL \/ DAG<\/td><td class=\"has-text-align-left\" data-align=\"left\">370:-<\/td><\/tr><tr><td class=\"has-text-align-left\" data-align=\"left\">ANNEN INFO<\/td><td class=\"has-text-align-left\" data-align=\"left\">Elektrisitet: 40:-\/dag. Plassbestilling gj\u00f8res online via Campcation.<\/td><\/tr><\/tbody><\/table><\/figure>\n\n\n\n<figure class=\"wp-block-table table-styling is-style-regular display-m\"><table class=\"has-fixed-layout\"><thead><tr><th class=\"has-text-align-left\" data-align=\"left\">TYPE BOLIG<\/th><th class=\"has-text-align-left\" data-align=\"left\">Hytte (4 senger)<\/th><\/tr><\/thead><tbody><tr><td class=\"has-text-align-left\" data-align=\"left\">PRIS ONLINE \/ DAG<\/td><td class=\"has-text-align-left\" data-align=\"left\">Fr. 620:-<\/td><\/tr><tr><td class=\"has-text-align-left\" data-align=\"left\">PRIS MANUELL \/ DAG<\/td><td class=\"has-text-align-left\" data-align=\"left\">Fr. 640:-<\/td><\/tr><\/tbody><\/table><\/figure>\n\n<\/div>\n<\/div>\n<\/div>\n\n<section class=\"mht-block mht-block-hero mht-block-hero-29110a0cfea834ea270726442caaf126 height-type-d-fixed height-type-m-fixed decoration-hero\">\n\n    \n<style id='mht-block-hero-29110a0cfea834ea270726442caaf126-vars'>section.mht-block-hero-29110a0cfea834ea270726442caaf126{--mht-block-hero-section-height:600px !important;--mht-block-hero-title-color:rgb(255,255,255);--mht-block-hero-title-margin-bottom:8px;--mht-block-hero-desc-color:rgb(255,255,255);--mht-block-hero-links-margin-top:32px;--mht-block-hero-slide-1-text-align:center;--mht-block-hero-slide-1-rich-bg-color:var(--mht-color-general-dark);--mht-block-hero-slide-1-rich-bg-image:url('https:\/\/www.elfdalenscamping.nu\/wp-content\/uploads\/2025\/02\/Rectangle-14@2x-2-1920x800.webp');--mht-block-hero-slide-1-rich-bg-overlay-bg-color:rgba(0,0,0,0.5);--mht-block-hero-slide-1-content-inner-max-width:824px}@media(max-width:991.98px){section.mht-block-hero-29110a0cfea834ea270726442caaf126{--mht-block-hero-section-height:600px !important;--mht-block-hero-slide-1-rich-bg-image:url('https:\/\/www.elfdalenscamping.nu\/wp-content\/uploads\/2025\/02\/rectangle-14-at-2x-3-67a4a58b12553-575x885.webp')}}<\/style>\n\n    <div class=\"section-rich-bg rich-bg\">\n            <\/div>\n\n    <div class=\"hero-slider\" data-slick=\"{&quot;pauseOnFocus&quot;:false,&quot;pauseOnHover&quot;:false,&quot;prevArrow&quot;:&quot;&lt;button aria-label=\\&quot;Previous\\&quot; class=\\&quot;slick-prev slick-arrow\\&quot;&gt;&lt;i class=\\&quot;fal fa-chevron-left\\&quot;&gt;&lt;\\\/i&gt;&lt;\\\/button&gt;&quot;,&quot;nextArrow&quot;:&quot;&lt;button aria-label=\\&quot;Next\\&quot; class=\\&quot;slick-next slick-arrow\\&quot;&gt;&lt;i class=\\&quot;fal fa-chevron-right\\&quot;&gt;&lt;\\\/i&gt;&lt;\\\/button&gt;&quot;}\">\n                    <div class=\"hero-slide hero-slide-1\" style=\"text-align:var(--mht-block-hero-slide-1-text-align)\">\n\n                <div class=\"hero-slide--rich-bg rich-bg\" style=\"background-color:var(--mht-block-hero-slide-1-rich-bg-color);background-image:var(--mht-block-hero-slide-1-rich-bg-image)\">\n                                        \n<style>section.mht-block-hero-29110a0cfea834ea270726442caaf126 .hero-slide-1 .rich-bg::after {\n            background-color: var(--mht-block-hero-slide-1-rich-bg-overlay-bg-color, transparent);\n            background-image: var(--mht-block-hero-slide-1-rich-bg-overlay-bg-image, none);\n            -webkit-backdrop-filter: blur(var(--mht-block-hero-slide-1-rich-bg-overlay-blur, 0));\n            backdrop-filter: blur(var(--mht-block-hero-slide-1-rich-bg-overlay-blur, 0));\n        }<\/style>\n                <\/div>\n\n                <div class=\"container\">\n                    <div class=\"hero-slide--content justify-content-center align-items-center m-align-items-center\">\n                        <div class=\"hero-slide--content--inner\" style=\"max-width:var(--mht-block-hero-slide-1-content-inner-max-width)\">\n\n                            \n                                                            <h2 class=\"hero--title mht-heading h1\" style=\"color:var(--mht-block-hero-title-color);margin-bottom:var(--mht-block-hero-title-margin-bottom)\">                                    Hvordan vil du campe i sommer?                                <\/h2>                            \n                                                            <div class=\"hero--desc\" style=\"color:var(--mht-block-hero-desc-color)\">\n                                    <p>Enten du vil leie en hytte, bestille en campingplass eller campe i Sk\u00e5ne, har vi alternativer som passer deg. Bo komfortabelt i hyttene v\u00e5re, ta med campingvognen til campingplassene v\u00e5re eller bo tett p\u00e5 naturen i telt og f\u00e5 en klassisk campingopplevelse.<\/p>\n                                <\/div>\n                            \n                                                            <div class=\"hero--links\" style=\"margin-top:var(--mht-block-hero-links-margin-top)\">\n                                    <div class=\"mht-links\">\n                                <a\n        class=\"btn btn-primary\"\n        href=\"https:\/\/www.elfdalenscamping.nu\/nb\/boende\/\"\n                style=\"min-width:172px;height:48px\"    >\n\n    <span class=\"btn--text\">V\u00c5RE HUS<\/span>\n\n    <\/a>\n            \n        <\/div>                                <\/div>\n                            \n                        <\/div><!-- .section-content-inner -->\n                    <\/div><!-- .section-content -->\n                <\/div><!-- .container -->\n\n            <\/div>\n            <\/div>\n\n    \n<\/section>\n\n<\/div>","protected":false},"excerpt":{"rendered":"<p>Campingpriser Her finner du de gjeldende prisene for v\u00e5re hytter, campingplasser og teltplasser. Vi tilbyr enkel online booking via Campcation, men du kan ogs\u00e5 bestille p\u00e5 stedet mot et lite servicegebyr. Velg det overnattingsstedet som passer deg! Bestill p\u00e5 nett og spar 20:- TYPE OVERNATTING PRIS ONLINE \/ DAG PRIS MANUELL \/ DAG \u00d8VRIG INFO Teltplass 320:- [...]<\/p>","protected":false},"author":1,"featured_media":0,"parent":0,"menu_order":0,"comment_status":"closed","ping_status":"closed","template":"","meta":{"_acf_changed":false,"footnotes":""},"class_list":["post-17","page","type-page","status-publish","hentry"],"acf":[],"yoast_head":"<!-- This site is optimized with the Yoast SEO plugin v24.4 - https:\/\/yoast.com\/wordpress\/plugins\/seo\/ -->\n<title>Priser Camping Sk\u00e5ne | Boka boende h\u00e4r!<\/title>\n<meta name=\"description\" content=\"H\u00e4r hittar du aktuella priser f\u00f6r stugor, campingtomter och t\u00e4ltplatser p\u00e5 Elfdalens Camping i Sk\u00e5ne. Boka online smidigt och enkelt idag!\" \/>\n<meta name=\"robots\" content=\"index, follow, max-snippet:-1, max-image-preview:large, max-video-preview:-1\" \/>\n<link rel=\"canonical\" href=\"https:\/\/www.elfdalenscamping.nu\/nb\/priser\/\" \/>\n<meta property=\"og:locale\" content=\"nb_NO\" \/>\n<meta property=\"og:type\" content=\"article\" \/>\n<meta property=\"og:title\" content=\"Priser Camping Sk\u00e5ne | Boka boende h\u00e4r!\" \/>\n<meta property=\"og:description\" content=\"H\u00e4r hittar du aktuella priser f\u00f6r stugor, campingtomter och t\u00e4ltplatser p\u00e5 Elfdalens Camping i Sk\u00e5ne. Boka online smidigt och enkelt idag!\" \/>\n<meta property=\"og:url\" content=\"https:\/\/www.elfdalenscamping.nu\/nb\/priser\/\" \/>\n<meta property=\"og:site_name\" content=\"Elfdalens Camping\" \/>\n<meta property=\"article:publisher\" content=\"https:\/\/www.facebook.com\/campingelfdalen\/\" \/>\n<meta property=\"article:modified_time\" content=\"2025-06-02T07:38:04+00:00\" \/>\n<meta property=\"og:image\" content=\"https:\/\/www.elfdalenscamping.nu\/wp-content\/uploads\/2025\/02\/elfdalens_camping_og.webp\" \/>\n\t<meta property=\"og:image:width\" content=\"1200\" \/>\n\t<meta property=\"og:image:height\" content=\"675\" \/>\n\t<meta property=\"og:image:type\" content=\"image\/webp\" \/>\n<meta name=\"twitter:card\" content=\"summary_large_image\" \/>\n<meta name=\"twitter:label1\" content=\"Est. reading time\" \/>\n\t<meta name=\"twitter:data1\" content=\"1 minutt\" \/>\n<script type=\"application\/ld+json\" class=\"yoast-schema-graph\">{\"@context\":\"https:\/\/schema.org\",\"@graph\":[{\"@type\":\"WebPage\",\"@id\":\"https:\/\/www.elfdalenscamping.nu\/priser\/\",\"url\":\"https:\/\/www.elfdalenscamping.nu\/priser\/\",\"name\":\"Priser Camping Sk\u00e5ne | Boka boende h\u00e4r!\",\"isPartOf\":{\"@id\":\"https:\/\/www.elfdalenscamping.nu\/#website\"},\"datePublished\":\"2025-01-31T10:53:18+00:00\",\"dateModified\":\"2025-06-02T07:38:04+00:00\",\"description\":\"H\u00e4r hittar du aktuella priser f\u00f6r stugor, campingtomter och t\u00e4ltplatser p\u00e5 Elfdalens Camping i Sk\u00e5ne. Boka online smidigt och enkelt idag!\",\"breadcrumb\":{\"@id\":\"https:\/\/www.elfdalenscamping.nu\/priser\/#breadcrumb\"},\"inLanguage\":\"nb-NO\",\"potentialAction\":[{\"@type\":\"ReadAction\",\"target\":[\"https:\/\/www.elfdalenscamping.nu\/priser\/\"]}]},{\"@type\":\"BreadcrumbList\",\"@id\":\"https:\/\/www.elfdalenscamping.nu\/priser\/#breadcrumb\",\"itemListElement\":[{\"@type\":\"ListItem\",\"position\":1,\"name\":\"Home\",\"item\":\"https:\/\/www.elfdalenscamping.nu\/\"},{\"@type\":\"ListItem\",\"position\":2,\"name\":\"Priser\"}]},{\"@type\":\"WebSite\",\"@id\":\"https:\/\/www.elfdalenscamping.nu\/#website\",\"url\":\"https:\/\/www.elfdalenscamping.nu\/\",\"name\":\"Elfdalens Camping\",\"description\":\"\",\"publisher\":{\"@id\":\"https:\/\/www.elfdalenscamping.nu\/#organization\"},\"potentialAction\":[{\"@type\":\"SearchAction\",\"target\":{\"@type\":\"EntryPoint\",\"urlTemplate\":\"https:\/\/www.elfdalenscamping.nu\/?s={search_term_string}\"},\"query-input\":{\"@type\":\"PropertyValueSpecification\",\"valueRequired\":true,\"valueName\":\"search_term_string\"}}],\"inLanguage\":\"nb-NO\"},{\"@type\":[\"Organization\",\"Place\"],\"@id\":\"https:\/\/www.elfdalenscamping.nu\/#organization\",\"name\":\"Elfdalens Sport & Camping AB\",\"url\":\"https:\/\/www.elfdalenscamping.nu\/\",\"logo\":{\"@id\":\"https:\/\/www.elfdalenscamping.nu\/priser\/#local-main-organization-logo\"},\"image\":{\"@id\":\"https:\/\/www.elfdalenscamping.nu\/priser\/#local-main-organization-logo\"},\"sameAs\":[\"https:\/\/www.facebook.com\/campingelfdalen\/\"],\"address\":{\"@id\":\"https:\/\/www.elfdalenscamping.nu\/priser\/#local-main-place-address\"},\"geo\":{\"@type\":\"GeoCoordinates\",\"latitude\":\"56.13515088078541\",\"longitude\":\"13.162015397802529\"},\"telephone\":[\"043514678\"],\"openingHoursSpecification\":[{\"@type\":\"OpeningHoursSpecification\",\"dayOfWeek\":[\"Monday\"],\"opens\":\"11:00\",\"closes\":\"20:30\"},{\"@type\":\"OpeningHoursSpecification\",\"dayOfWeek\":[\"Tuesday\",\"Thursday\"],\"opens\":\"09:00\",\"closes\":\"19:00\"},{\"@type\":\"OpeningHoursSpecification\",\"dayOfWeek\":[\"Wednesday\"],\"opens\":\"11:00\",\"closes\":\"20:00\"},{\"@type\":\"OpeningHoursSpecification\",\"dayOfWeek\":[\"Friday\"],\"opens\":\"11:00\",\"closes\":\"21:00\"},{\"@type\":\"OpeningHoursSpecification\",\"dayOfWeek\":[\"Saturday\"],\"opens\":\"10:00\",\"closes\":\"21:00\"},{\"@type\":\"OpeningHoursSpecification\",\"dayOfWeek\":[\"Sunday\"],\"opens\":\"11:00\",\"closes\":\"19:00\"}],\"email\":\"elfdalens.camping@telia.com\"},{\"@type\":\"PostalAddress\",\"@id\":\"https:\/\/www.elfdalenscamping.nu\/priser\/#local-main-place-address\",\"streetAddress\":\"Vedbyv\u00e4gen 69\",\"addressLocality\":\"Klippan\",\"postalCode\":\"26437\",\"addressCountry\":\"SE\"},{\"@type\":\"ImageObject\",\"inLanguage\":\"nb-NO\",\"@id\":\"https:\/\/www.elfdalenscamping.nu\/priser\/#local-main-organization-logo\",\"url\":\"https:\/\/www.elfdalenscamping.nu\/wp-content\/uploads\/2025\/02\/elfdalens_camping_org_logo.webp\",\"contentUrl\":\"https:\/\/www.elfdalenscamping.nu\/wp-content\/uploads\/2025\/02\/elfdalens_camping_org_logo.webp\",\"width\":696,\"height\":696,\"caption\":\"Elfdalens Sport & Camping AB\"}]}<\/script>\n<meta name=\"geo.placename\" content=\"Klippan\" \/>\n<meta name=\"geo.position\" content=\"56.13515088078541;13.162015397802529\" \/>\n<meta name=\"geo.region\" content=\"Sweden\" \/>\n<!-- \/ Yoast SEO plugin. -->","yoast_head_json":{"title":"Priser Camping Sk\u00e5ne | Boka boende h\u00e4r!","description":"H\u00e4r hittar du aktuella priser f\u00f6r stugor, campingtomter och t\u00e4ltplatser p\u00e5 Elfdalens Camping i Sk\u00e5ne. Boka online smidigt och enkelt idag!","robots":{"index":"index","follow":"follow","max-snippet":"max-snippet:-1","max-image-preview":"max-image-preview:large","max-video-preview":"max-video-preview:-1"},"canonical":"https:\/\/www.elfdalenscamping.nu\/nb\/priser\/","og_locale":"nb_NO","og_type":"article","og_title":"Priser Camping Sk\u00e5ne | Boka boende h\u00e4r!","og_description":"H\u00e4r hittar du aktuella priser f\u00f6r stugor, campingtomter och t\u00e4ltplatser p\u00e5 Elfdalens Camping i Sk\u00e5ne. Boka online smidigt och enkelt idag!","og_url":"https:\/\/www.elfdalenscamping.nu\/nb\/priser\/","og_site_name":"Elfdalens Camping","article_publisher":"https:\/\/www.facebook.com\/campingelfdalen\/","article_modified_time":"2025-06-02T07:38:04+00:00","og_image":[{"width":1200,"height":675,"url":"https:\/\/www.elfdalenscamping.nu\/wp-content\/uploads\/2025\/02\/elfdalens_camping_og.webp","type":"image\/webp"}],"twitter_card":"summary_large_image","twitter_misc":{"Est. reading time":"1 minutt"},"schema":{"@context":"https:\/\/schema.org","@graph":[{"@type":"WebPage","@id":"https:\/\/www.elfdalenscamping.nu\/priser\/","url":"https:\/\/www.elfdalenscamping.nu\/priser\/","name":"Priser Camping Sk\u00e5ne | Boka boende h\u00e4r!","isPartOf":{"@id":"https:\/\/www.elfdalenscamping.nu\/#website"},"datePublished":"2025-01-31T10:53:18+00:00","dateModified":"2025-06-02T07:38:04+00:00","description":"H\u00e4r hittar du aktuella priser f\u00f6r stugor, campingtomter och t\u00e4ltplatser p\u00e5 Elfdalens Camping i Sk\u00e5ne. Boka online smidigt och enkelt idag!","breadcrumb":{"@id":"https:\/\/www.elfdalenscamping.nu\/priser\/#breadcrumb"},"inLanguage":"nb-NO","potentialAction":[{"@type":"ReadAction","target":["https:\/\/www.elfdalenscamping.nu\/priser\/"]}]},{"@type":"BreadcrumbList","@id":"https:\/\/www.elfdalenscamping.nu\/priser\/#breadcrumb","itemListElement":[{"@type":"ListItem","position":1,"name":"Home","item":"https:\/\/www.elfdalenscamping.nu\/"},{"@type":"ListItem","position":2,"name":"Priser"}]},{"@type":"WebSite","@id":"https:\/\/www.elfdalenscamping.nu\/#website","url":"https:\/\/www.elfdalenscamping.nu\/","name":"Elfdalens Camping","description":"","publisher":{"@id":"https:\/\/www.elfdalenscamping.nu\/#organization"},"potentialAction":[{"@type":"SearchAction","target":{"@type":"EntryPoint","urlTemplate":"https:\/\/www.elfdalenscamping.nu\/?s={search_term_string}"},"query-input":{"@type":"PropertyValueSpecification","valueRequired":true,"valueName":"search_term_string"}}],"inLanguage":"nb-NO"},{"@type":["Organization","Place"],"@id":"https:\/\/www.elfdalenscamping.nu\/#organization","name":"Elfdalens Sport & Camping AB","url":"https:\/\/www.elfdalenscamping.nu\/","logo":{"@id":"https:\/\/www.elfdalenscamping.nu\/priser\/#local-main-organization-logo"},"image":{"@id":"https:\/\/www.elfdalenscamping.nu\/priser\/#local-main-organization-logo"},"sameAs":["https:\/\/www.facebook.com\/campingelfdalen\/"],"address":{"@id":"https:\/\/www.elfdalenscamping.nu\/priser\/#local-main-place-address"},"geo":{"@type":"GeoCoordinates","latitude":"56.13515088078541","longitude":"13.162015397802529"},"telephone":["043514678"],"openingHoursSpecification":[{"@type":"OpeningHoursSpecification","dayOfWeek":["Monday"],"opens":"11:00","closes":"20:30"},{"@type":"OpeningHoursSpecification","dayOfWeek":["Tuesday","Thursday"],"opens":"09:00","closes":"19:00"},{"@type":"OpeningHoursSpecification","dayOfWeek":["Wednesday"],"opens":"11:00","closes":"20:00"},{"@type":"OpeningHoursSpecification","dayOfWeek":["Friday"],"opens":"11:00","closes":"21:00"},{"@type":"OpeningHoursSpecification","dayOfWeek":["Saturday"],"opens":"10:00","closes":"21:00"},{"@type":"OpeningHoursSpecification","dayOfWeek":["Sunday"],"opens":"11:00","closes":"19:00"}],"email":"elfdalens.camping@telia.com"},{"@type":"PostalAddress","@id":"https:\/\/www.elfdalenscamping.nu\/priser\/#local-main-place-address","streetAddress":"Vedbyv\u00e4gen 69","addressLocality":"Klippan","postalCode":"26437","addressCountry":"SE"},{"@type":"ImageObject","inLanguage":"nb-NO","@id":"https:\/\/www.elfdalenscamping.nu\/priser\/#local-main-organization-logo","url":"https:\/\/www.elfdalenscamping.nu\/wp-content\/uploads\/2025\/02\/elfdalens_camping_org_logo.webp","contentUrl":"https:\/\/www.elfdalenscamping.nu\/wp-content\/uploads\/2025\/02\/elfdalens_camping_org_logo.webp","width":696,"height":696,"caption":"Elfdalens Sport & Camping AB"}]},"geo.placename":"Klippan","geo.position":{"lat":"56.13515088078541","long":"13.162015397802529"},"geo.region":"Sweden"},"_links":{"self":[{"href":"https:\/\/www.elfdalenscamping.nu\/nb\/wp-json\/wp\/v2\/pages\/17","targetHints":{"allow":["GET"]}}],"collection":[{"href":"https:\/\/www.elfdalenscamping.nu\/nb\/wp-json\/wp\/v2\/pages"}],"about":[{"href":"https:\/\/www.elfdalenscamping.nu\/nb\/wp-json\/wp\/v2\/types\/page"}],"author":[{"embeddable":true,"href":"https:\/\/www.elfdalenscamping.nu\/nb\/wp-json\/wp\/v2\/users\/1"}],"replies":[{"embeddable":true,"href":"https:\/\/www.elfdalenscamping.nu\/nb\/wp-json\/wp\/v2\/comments?post=17"}],"version-history":[{"count":0,"href":"https:\/\/www.elfdalenscamping.nu\/nb\/wp-json\/wp\/v2\/pages\/17\/revisions"}],"wp:attachment":[{"href":"https:\/\/www.elfdalenscamping.nu\/nb\/wp-json\/wp\/v2\/media?parent=17"}],"curies":[{"name":"wp","href":"https:\/\/api.w.org\/{rel}","templated":true}]}}